{"id":7906,"date":"2023-05-16T09:19:23","date_gmt":"2023-05-16T09:19:23","guid":{"rendered":"https:\/\/sustainalink.se\/?page_id=7906"},"modified":"2026-04-20T07:45:21","modified_gmt":"2026-04-20T07:45:21","slug":"7906-2","status":"publish","type":"page","link":"https:\/\/sustainalink.se\/en\/7906-2\/","title":{"rendered":"Annual reports"},"content":{"rendered":"<div id=\"pl-7906\"  class=\"panel-layout\" ><div id=\"pg-7906-0\"  class=\"panel-grid panel-has-style\" ><div class=\"siteorigin-panels-stretch container-1360px banner_row panel-row-style panel-row-style-for-7906-0\" data-stretch-type=\"full-width-stretch\" ><div id=\"pgc-7906-0-0\"  class=\"panel-grid-cell\" ><div id=\"panel-7906-0-0-0\" class=\"so-panel widget widget_sow-editor panel-first-child panel-last-child\" data-index=\"0\" ><div\n\t\t\t\n\t\t\tclass=\"so-widget-sow-editor so-widget-sow-editor-base\"\n\t\t\t\n\t\t>\n<div class=\"siteorigin-widget-tinymce textwidget\">\n\t<h1><\/h1>\n<h1 style=\"text-align: center;\">Annual reports<\/h1>\n<\/div>\n<\/div><\/div><\/div><\/div><\/div><div id=\"pg-7906-1\"  class=\"panel-grid panel-no-style\" ><div id=\"pgc-7906-1-0\"  class=\"panel-grid-cell panel-grid-cell-empty\" ><\/div><div id=\"pgc-7906-1-1\"  class=\"panel-grid-cell panel-grid-cell-mobile-last\" ><div id=\"panel-7906-1-1-0\" class=\"so-panel widget widget_sow-editor panel-first-child panel-last-child\" data-index=\"1\" ><div\n\t\t\t\n\t\t\tclass=\"so-widget-sow-editor so-widget-sow-editor-base\"\n\t\t\t\n\t\t>\n<div class=\"siteorigin-widget-tinymce textwidget\">\n\t<p id=\"tw-target-text\" class=\"tw-data-text tw-text-large tw-ta\" dir=\"ltr\" data-placeholder=\"\u00d6vers\u00e4ttning\"><span class=\"Y2IQFc\" lang=\"en\">Sustainalink has a long history and has operated in Sk\u00e5ne since 2011. Previously, the organization was called Milj\u00f6bron Sk\u00e5ne, but in 2022 it changed its name to Sustainalink. In the annual reports, we summarize the past year. We highlight interesting events and report statistics linked to all projects that were run during the respective years. Below you can go back in history and explore the organization's development over the years.<\/span><\/p>\n<\/div>\n<\/div><\/div><\/div><div id=\"pgc-7906-1-2\"  class=\"panel-grid-cell panel-grid-cell-empty\" ><\/div><\/div><div id=\"pg-7906-2\"  class=\"panel-grid panel-no-style\" ><div id=\"pgc-7906-2-0\"  class=\"panel-grid-cell\" ><div id=\"panel-7906-2-0-0\" class=\"so-panel widget widget_sow-image-grid panel-first-child panel-last-child\" data-index=\"2\" ><div\n\t\t\t\n\t\t\tclass=\"so-widget-sow-image-grid so-widget-sow-image-grid-default-66b6fcac76e1-7906\"\n\t\t\t\n\t\t>\t<div\n\t\tclass=\"sow-image-grid-wrapper\"\n\t\tdata-max-width=\"500\"\t\tdata-max-height=\"350\"\t>\n\t\t\t\t\t<div class=\"sow-image-grid-image\">\n\t\t\t\t\t\t\t\t\t\t\t\t\t<a href=\"https:\/\/sustainalink.se\/wp-content\/uploads\/2026\/04\/Sustainalinks-Verksamhetsberattelse-2025.pdf\"\n\t\t\t\t\t\t\t\t\t\t\t\t\t\t\t\t\t\ttarget=\"_blank\" \t\t\t\t\t\t\t\t\t\t\t\t\t\t\t\t\t\t\t\t\t\t\t\trel=\"noopener noreferrer\" \t\t\t\t\t\t\t\t\t\t\t>\n\t\t\t\t\t\t\t\t<img loading=\"lazy\" decoding=\"async\" width=\"350\" height=\"494\" src=\"https:\/\/sustainalink.se\/wp-content\/uploads\/2026\/04\/Skarmbild-2026-04-20-093554.png\" class=\"sow-image-grid-image_html\" alt=\"\" title=\"Sk\u00e4rmbild 2026-04-20 093554\" srcset=\"https:\/\/sustainalink.se\/wp-content\/uploads\/2026\/04\/Skarmbild-2026-04-20-093554.png 587w, https:\/\/sustainalink.se\/wp-content\/uploads\/2026\/04\/Skarmbild-2026-04-20-093554-213x300.png 213w, https:\/\/sustainalink.se\/wp-content\/uploads\/2026\/04\/Skarmbild-2026-04-20-093554-398x562.png 398w\" sizes=\"auto, (max-width: 350px) 100vw, 350px\" \/>\t\t\t\t\t\t\t\t\t<\/a>\n\t\t\t\t\t\t\t\t\t\t\t<\/div>\n\t\t\t\t\t<div class=\"sow-image-grid-image\">\n\t\t\t\t\t\t\t\t\t\t\t\t\t<a href=\"https:\/\/sustainalink.se\/wp-content\/uploads\/2025\/04\/Sustainalink_VB_2024.pdf\"\n\t\t\t\t\t>\n\t\t\t\t\t\t\t\t<img loading=\"lazy\" decoding=\"async\" width=\"350\" height=\"498\" src=\"https:\/\/sustainalink.se\/wp-content\/uploads\/2025\/04\/Vb-2024.png\" class=\"sow-image-grid-image_html\" alt=\"\" title=\"Vb 2024\" srcset=\"https:\/\/sustainalink.se\/wp-content\/uploads\/2025\/04\/Vb-2024.png 660w, https:\/\/sustainalink.se\/wp-content\/uploads\/2025\/04\/Vb-2024-211x300.png 211w, https:\/\/sustainalink.se\/wp-content\/uploads\/2025\/04\/Vb-2024-395x562.png 395w\" sizes=\"auto, (max-width: 350px) 100vw, 350px\" \/>\t\t\t\t\t\t\t\t\t<\/a>\n\t\t\t\t\t\t\t\t\t\t\t<\/div>\n\t\t\t\t\t<div class=\"sow-image-grid-image\">\n\t\t\t\t\t\t\t\t\t\t\t\t\t<a href=\"https:\/\/sustainalink.se\/wp-content\/uploads\/2024\/04\/Sustainalink_VB_2023.pdf\"\n\t\t\t\t\t>\n\t\t\t\t\t\t\t\t<img loading=\"lazy\" decoding=\"async\" width=\"350\" height=\"495\" src=\"https:\/\/sustainalink.se\/wp-content\/uploads\/2024\/04\/Sustainalink-Verksamhetsberattelse-2023-1-pdf.jpg\" class=\"sow-image-grid-image_html\" alt=\"\" title=\"Sustainalink Verksamhetsber\u00e4ttelse 2023\" \/>\t\t\t\t\t\t\t\t\t<\/a>\n\t\t\t\t\t\t\t\t\t\t\t<\/div>\n\t\t\t\t\t<div class=\"sow-image-grid-image\">\n\t\t\t\t\t\t\t\t\t\t\t\t\t<a href=\"https:\/\/sustainalink.se\/wp-content\/uploads\/2023\/05\/Sustainalink_VB_2022.pdf\"\n\t\t\t\t\t>\n\t\t\t\t\t\t\t\t<img loading=\"lazy\" decoding=\"async\" width=\"350\" height=\"495\" src=\"https:\/\/sustainalink.se\/wp-content\/uploads\/2023\/05\/Sustainalink_VB_2022-1-pdf.jpg\" class=\"sow-image-grid-image_html\" alt=\"\" title=\"Sustainalink_VB_2022\" \/>\t\t\t\t\t\t\t\t\t<\/a>\n\t\t\t\t\t\t\t\t\t\t\t<\/div>\n\t\t\t\t\t<div class=\"sow-image-grid-image\">\n\t\t\t\t\t\t\t\t\t\t\t\t\t<a href=\"https:\/\/sustainalink.se\/wp-content\/uploads\/2022\/05\/Miljobron-Skanes-Verksamhetsberattelse-2021.pdf\"\n\t\t\t\t\t>\n\t\t\t\t\t\t\t\t<img loading=\"lazy\" decoding=\"async\" width=\"350\" height=\"495\" src=\"https:\/\/sustainalink.se\/wp-content\/uploads\/2022\/05\/Miljobron-Skanes-Verksamhetsberattelse-2021-pdf-724x1024-1.jpg\" class=\"sow-image-grid-image_html\" alt=\"\" title=\"Miljobron-Skanes-Verksamhetsberattelse-2021-pdf-724&#215;1024\" srcset=\"https:\/\/sustainalink.se\/wp-content\/uploads\/2022\/05\/Miljobron-Skanes-Verksamhetsberattelse-2021-pdf-724x1024-1.jpg 724w, https:\/\/sustainalink.se\/wp-content\/uploads\/2022\/05\/Miljobron-Skanes-Verksamhetsberattelse-2021-pdf-724x1024-1-212x300.jpg 212w, https:\/\/sustainalink.se\/wp-content\/uploads\/2022\/05\/Miljobron-Skanes-Verksamhetsberattelse-2021-pdf-724x1024-1-397x562.jpg 397w\" sizes=\"auto, (max-width: 350px) 100vw, 350px\" \/>\t\t\t\t\t\t\t\t\t<\/a>\n\t\t\t\t\t\t\t\t\t\t\t<\/div>\n\t\t\t\t\t<div class=\"sow-image-grid-image\">\n\t\t\t\t\t\t\t\t\t\t\t\t\t<a href=\"https:\/\/sustainalink.se\/wp-content\/uploads\/2022\/05\/miljobron_VB_2020_uppslag_ebook.pdf\"\n\t\t\t\t\t>\n\t\t\t\t\t\t\t\t<img loading=\"lazy\" decoding=\"async\" width=\"350\" height=\"495\" src=\"https:\/\/sustainalink.se\/wp-content\/uploads\/2022\/05\/miljobron_VB_2020_uppslag_ebook-pdf-724x1024-1.jpg\" class=\"sow-image-grid-image_html\" alt=\"\" title=\"miljobron_VB_2020_uppslag_ebook-pdf-724&#215;1024\" srcset=\"https:\/\/sustainalink.se\/wp-content\/uploads\/2022\/05\/miljobron_VB_2020_uppslag_ebook-pdf-724x1024-1.jpg 724w, https:\/\/sustainalink.se\/wp-content\/uploads\/2022\/05\/miljobron_VB_2020_uppslag_ebook-pdf-724x1024-1-212x300.jpg 212w, https:\/\/sustainalink.se\/wp-content\/uploads\/2022\/05\/miljobron_VB_2020_uppslag_ebook-pdf-724x1024-1-397x562.jpg 397w\" sizes=\"auto, (max-width: 350px) 100vw, 350px\" \/>\t\t\t\t\t\t\t\t\t<\/a>\n\t\t\t\t\t\t\t\t\t\t\t<\/div>\n\t\t\t\t\t<div class=\"sow-image-grid-image\">\n\t\t\t\t\t\t\t\t\t\t\t\t\t<a href=\"https:\/\/sustainalink.se\/wp-content\/uploads\/2022\/05\/miljobron_VB_2019_ebook.pdf\"\n\t\t\t\t\t>\n\t\t\t\t\t\t\t\t<img loading=\"lazy\" decoding=\"async\" width=\"350\" height=\"495\" src=\"https:\/\/sustainalink.se\/wp-content\/uploads\/2022\/05\/miljobron_VB_2019_ebook-pdf-724x1024-1.jpg\" class=\"sow-image-grid-image_html\" alt=\"\" title=\"miljobron_VB_2019_ebook-pdf-724&#215;1024\" srcset=\"https:\/\/sustainalink.se\/wp-content\/uploads\/2022\/05\/miljobron_VB_2019_ebook-pdf-724x1024-1.jpg 724w, https:\/\/sustainalink.se\/wp-content\/uploads\/2022\/05\/miljobron_VB_2019_ebook-pdf-724x1024-1-212x300.jpg 212w, https:\/\/sustainalink.se\/wp-content\/uploads\/2022\/05\/miljobron_VB_2019_ebook-pdf-724x1024-1-397x562.jpg 397w\" sizes=\"auto, (max-width: 350px) 100vw, 350px\" \/>\t\t\t\t\t\t\t\t\t<\/a>\n\t\t\t\t\t\t\t\t\t\t\t<\/div>\n\t\t\t\t\t<div class=\"sow-image-grid-image\">\n\t\t\t\t\t\t\t\t\t\t\t\t\t<a href=\"https:\/\/sustainalink.se\/wp-content\/uploads\/2022\/05\/Miljobrons-verksamhetsberattelse-2018.pdf\"\n\t\t\t\t\t>\n\t\t\t\t\t\t\t\t<img loading=\"lazy\" decoding=\"async\" width=\"350\" height=\"495\" src=\"https:\/\/sustainalink.se\/wp-content\/uploads\/2022\/05\/Miljobrons-verksamhetsberattelse-2018-pdf-724x1024-1.jpg\" class=\"sow-image-grid-image_html\" alt=\"\" title=\"Miljobrons-verksamhetsberattelse-2018-pdf-724&#215;1024\" srcset=\"https:\/\/sustainalink.se\/wp-content\/uploads\/2022\/05\/Miljobrons-verksamhetsberattelse-2018-pdf-724x1024-1.jpg 724w, https:\/\/sustainalink.se\/wp-content\/uploads\/2022\/05\/Miljobrons-verksamhetsberattelse-2018-pdf-724x1024-1-212x300.jpg 212w, https:\/\/sustainalink.se\/wp-content\/uploads\/2022\/05\/Miljobrons-verksamhetsberattelse-2018-pdf-724x1024-1-397x562.jpg 397w\" sizes=\"auto, (max-width: 350px) 100vw, 350px\" \/>\t\t\t\t\t\t\t\t\t<\/a>\n\t\t\t\t\t\t\t\t\t\t\t<\/div>\n\t\t\t\t\t<div class=\"sow-image-grid-image\">\n\t\t\t\t\t\t\t\t\t\t\t\t\t<a href=\"https:\/\/sustainalink.se\/wp-content\/uploads\/2022\/05\/VB-Miljobron-Skane-2017.pdf\"\n\t\t\t\t\t>\n\t\t\t\t\t\t\t\t<img loading=\"lazy\" decoding=\"async\" width=\"350\" height=\"495\" src=\"https:\/\/sustainalink.se\/wp-content\/uploads\/2022\/05\/VB-Miljobron-Skane-2017-pdf-724x1024-1.jpg\" class=\"sow-image-grid-image_html\" alt=\"\" title=\"VB-Miljobron-Skane-2017-pdf-724&#215;1024\" srcset=\"https:\/\/sustainalink.se\/wp-content\/uploads\/2022\/05\/VB-Miljobron-Skane-2017-pdf-724x1024-1.jpg 724w, https:\/\/sustainalink.se\/wp-content\/uploads\/2022\/05\/VB-Miljobron-Skane-2017-pdf-724x1024-1-212x300.jpg 212w, https:\/\/sustainalink.se\/wp-content\/uploads\/2022\/05\/VB-Miljobron-Skane-2017-pdf-724x1024-1-397x562.jpg 397w\" sizes=\"auto, (max-width: 350px) 100vw, 350px\" \/>\t\t\t\t\t\t\t\t\t<\/a>\n\t\t\t\t\t\t\t\t\t\t\t<\/div>\n\t\t\t\t\t<div class=\"sow-image-grid-image\">\n\t\t\t\t\t\t\t\t\t\t\t\t\t<a href=\"https:\/\/sustainalink.se\/wp-content\/uploads\/2022\/05\/Miljobron_VB_2016.pdf\"\n\t\t\t\t\t>\n\t\t\t\t\t\t\t\t<img loading=\"lazy\" decoding=\"async\" width=\"350\" height=\"495\" src=\"https:\/\/sustainalink.se\/wp-content\/uploads\/2022\/05\/Miljobron_VB_2016-pdf-724x1024-1.jpg\" class=\"sow-image-grid-image_html\" alt=\"\" title=\"Miljobron_VB_2016-pdf-724&#215;1024\" srcset=\"https:\/\/sustainalink.se\/wp-content\/uploads\/2022\/05\/Miljobron_VB_2016-pdf-724x1024-1.jpg 724w, https:\/\/sustainalink.se\/wp-content\/uploads\/2022\/05\/Miljobron_VB_2016-pdf-724x1024-1-212x300.jpg 212w, https:\/\/sustainalink.se\/wp-content\/uploads\/2022\/05\/Miljobron_VB_2016-pdf-724x1024-1-397x562.jpg 397w\" sizes=\"auto, (max-width: 350px) 100vw, 350px\" \/>\t\t\t\t\t\t\t\t\t<\/a>\n\t\t\t\t\t\t\t\t\t\t\t<\/div>\n\t\t\t\t\t<div class=\"sow-image-grid-image\">\n\t\t\t\t\t\t\t\t\t\t\t\t\t<a href=\"https:\/\/sustainalink.se\/wp-content\/uploads\/2022\/05\/Verksamhetsbera\u0308ttelse_-2015_miljo\u0308bron.pdf\"\n\t\t\t\t\t>\n\t\t\t\t\t\t\t\t<img loading=\"lazy\" decoding=\"async\" width=\"350\" height=\"495\" src=\"https:\/\/sustainalink.se\/wp-content\/uploads\/2022\/05\/Verksamhetsbera\u0308ttelse_-2015_miljo\u0308bron-pdf-724x1024-1.jpg\" class=\"sow-image-grid-image_html\" alt=\"\" title=\"Verksamhetsbera\u0308ttelse_-2015_miljo\u0308bron-pdf-724&#215;1024\" srcset=\"https:\/\/sustainalink.se\/wp-content\/uploads\/2022\/05\/Verksamhetsbera\u0308ttelse_-2015_miljo\u0308bron-pdf-724x1024-1.jpg 724w, https:\/\/sustainalink.se\/wp-content\/uploads\/2022\/05\/Verksamhetsbera\u0308ttelse_-2015_miljo\u0308bron-pdf-724x1024-1-212x300.jpg 212w, https:\/\/sustainalink.se\/wp-content\/uploads\/2022\/05\/Verksamhetsbera\u0308ttelse_-2015_miljo\u0308bron-pdf-724x1024-1-397x562.jpg 397w\" sizes=\"auto, (max-width: 350px) 100vw, 350px\" \/>\t\t\t\t\t\t\t\t\t<\/a>\n\t\t\t\t\t\t\t\t\t\t\t<\/div>\n\t\t\t\t\t<div class=\"sow-image-grid-image\">\n\t\t\t\t\t\t\t\t\t\t\t\t\t<a href=\"https:\/\/sustainalink.se\/wp-content\/uploads\/2022\/05\/Verksamhetsberattelse_miljobron.pdf\"\n\t\t\t\t\t>\n\t\t\t\t\t\t\t\t<img loading=\"lazy\" decoding=\"async\" width=\"350\" height=\"495\" src=\"https:\/\/sustainalink.se\/wp-content\/uploads\/2022\/05\/Verksamhetsberattelse_miljobron-pdf-724x1024-1.jpg\" class=\"sow-image-grid-image_html\" alt=\"\" title=\"Verksamhetsberattelse_miljobron-pdf-724&#215;1024\" srcset=\"https:\/\/sustainalink.se\/wp-content\/uploads\/2022\/05\/Verksamhetsberattelse_miljobron-pdf-724x1024-1.jpg 724w, https:\/\/sustainalink.se\/wp-content\/uploads\/2022\/05\/Verksamhetsberattelse_miljobron-pdf-724x1024-1-212x300.jpg 212w, https:\/\/sustainalink.se\/wp-content\/uploads\/2022\/05\/Verksamhetsberattelse_miljobron-pdf-724x1024-1-397x562.jpg 397w\" sizes=\"auto, (max-width: 350px) 100vw, 350px\" \/>\t\t\t\t\t\t\t\t\t<\/a>\n\t\t\t\t\t\t\t\t\t\t\t<\/div>\n\t\t\t\t\t<div class=\"sow-image-grid-image\">\n\t\t\t\t\t\t\t\t\t\t\t\t\t<a href=\"https:\/\/sustainalink.se\/wp-content\/uploads\/2022\/05\/verksamhetsrapport_miljobron_2013_digital.pdf\"\n\t\t\t\t\t>\n\t\t\t\t\t\t\t\t<img loading=\"lazy\" decoding=\"async\" width=\"350\" height=\"495\" src=\"https:\/\/sustainalink.se\/wp-content\/uploads\/2022\/05\/verksamhetsrapport_miljobron_2013_digital-pdf-724x1024-1.jpg\" class=\"sow-image-grid-image_html\" alt=\"\" title=\"verksamhetsrapport_miljobron_2013_digital-pdf-724&#215;1024\" srcset=\"https:\/\/sustainalink.se\/wp-content\/uploads\/2022\/05\/verksamhetsrapport_miljobron_2013_digital-pdf-724x1024-1.jpg 724w, https:\/\/sustainalink.se\/wp-content\/uploads\/2022\/05\/verksamhetsrapport_miljobron_2013_digital-pdf-724x1024-1-212x300.jpg 212w, https:\/\/sustainalink.se\/wp-content\/uploads\/2022\/05\/verksamhetsrapport_miljobron_2013_digital-pdf-724x1024-1-397x562.jpg 397w\" sizes=\"auto, (max-width: 350px) 100vw, 350px\" \/>\t\t\t\t\t\t\t\t\t<\/a>\n\t\t\t\t\t\t\t\t\t\t\t<\/div>\n\t\t\t\t\t<div class=\"sow-image-grid-image\">\n\t\t\t\t\t\t\t\t\t\t\t\t\t<a href=\"https:\/\/sustainalink.se\/wp-content\/uploads\/2022\/05\/verksamhetsberattelse_miljobron_2012_digital.pdf\"\n\t\t\t\t\t>\n\t\t\t\t\t\t\t\t<img loading=\"lazy\" decoding=\"async\" width=\"350\" height=\"495\" src=\"https:\/\/sustainalink.se\/wp-content\/uploads\/2022\/05\/verksamhetsberattelse_miljobron_2012_digital-pdf-724x1024-1.jpg\" class=\"sow-image-grid-image_html\" alt=\"\" title=\"verksamhetsberattelse_miljobron_2012_digital-pdf-724&#215;1024\" srcset=\"https:\/\/sustainalink.se\/wp-content\/uploads\/2022\/05\/verksamhetsberattelse_miljobron_2012_digital-pdf-724x1024-1.jpg 724w, https:\/\/sustainalink.se\/wp-content\/uploads\/2022\/05\/verksamhetsberattelse_miljobron_2012_digital-pdf-724x1024-1-212x300.jpg 212w, https:\/\/sustainalink.se\/wp-content\/uploads\/2022\/05\/verksamhetsberattelse_miljobron_2012_digital-pdf-724x1024-1-397x562.jpg 397w\" sizes=\"auto, (max-width: 350px) 100vw, 350px\" \/>\t\t\t\t\t\t\t\t\t<\/a>\n\t\t\t\t\t\t\t\t\t\t\t<\/div>\n\t\t\t\t\t<div class=\"sow-image-grid-image\">\n\t\t\t\t\t\t\t\t\t\t\t\t\t<a href=\"https:\/\/sustainalink.se\/wp-content\/uploads\/2022\/05\/Uppstart-Miljobron-Skane-2011.pdf\"\n\t\t\t\t\t>\n\t\t\t\t\t\t\t\t<img loading=\"lazy\" decoding=\"async\" width=\"350\" height=\"495\" src=\"https:\/\/sustainalink.se\/wp-content\/uploads\/2022\/05\/Skarmbild-2022-05-23-192124.png\" class=\"sow-image-grid-image_html\" alt=\"\" title=\"Sk\u00e4rmbild 2022-05-23 192124\" srcset=\"https:\/\/sustainalink.se\/wp-content\/uploads\/2022\/05\/Skarmbild-2022-05-23-192124.png 448w, https:\/\/sustainalink.se\/wp-content\/uploads\/2022\/05\/Skarmbild-2022-05-23-192124-212x300.png 212w, https:\/\/sustainalink.se\/wp-content\/uploads\/2022\/05\/Skarmbild-2022-05-23-192124-397x562.png 397w\" sizes=\"auto, (max-width: 350px) 100vw, 350px\" \/>\t\t\t\t\t\t\t\t\t<\/a>\n\t\t\t\t\t\t\t\t\t\t\t<\/div>\n\t\t\t<\/div>\n<\/div><\/div><\/div><\/div><\/div>","protected":false},"excerpt":{"rendered":"<p>Annual reports Sustainalink has a long history and has operated in Sk\u00e5ne since 2011. Previously, the organization was called Milj\u00f6bron Sk\u00e5ne, but in 2022 it changed its name to Sustainalink. In the annual reports, we summarize the past year. We highlight interesting events and report statistics linked to all projects that were run during the [&hellip;]<\/p>\n","protected":false},"author":10,"featured_media":0,"parent":0,"menu_order":0,"comment_status":"closed","ping_status":"closed","template":"","meta":{"_acf_changed":false,"inline_featured_image":false,"jetpack_post_was_ever_published":false,"footnotes":""},"class_list":["post-7906","page","type-page","status-publish","hentry"],"acf":[],"jetpack_sharing_enabled":true,"_links":{"self":[{"href":"https:\/\/sustainalink.se\/en\/wp-json\/wp\/v2\/pages\/7906","targetHints":{"allow":["GET"]}}],"collection":[{"href":"https:\/\/sustainalink.se\/en\/wp-json\/wp\/v2\/pages"}],"about":[{"href":"https:\/\/sustainalink.se\/en\/wp-json\/wp\/v2\/types\/page"}],"author":[{"embeddable":true,"href":"https:\/\/sustainalink.se\/en\/wp-json\/wp\/v2\/users\/10"}],"replies":[{"embeddable":true,"href":"https:\/\/sustainalink.se\/en\/wp-json\/wp\/v2\/comments?post=7906"}],"version-history":[{"count":28,"href":"https:\/\/sustainalink.se\/en\/wp-json\/wp\/v2\/pages\/7906\/revisions"}],"predecessor-version":[{"id":10263,"href":"https:\/\/sustainalink.se\/en\/wp-json\/wp\/v2\/pages\/7906\/revisions\/10263"}],"wp:attachment":[{"href":"https:\/\/sustainalink.se\/en\/wp-json\/wp\/v2\/media?parent=7906"}],"curies":[{"name":"wp","href":"https:\/\/api.w.org\/{rel}","templated":true}]}}