{"id":9059,"date":"2024-11-04T10:15:27","date_gmt":"2024-11-04T10:15:27","guid":{"rendered":"https:\/\/sustainalink.se\/?page_id=9059"},"modified":"2026-04-10T09:18:21","modified_gmt":"2026-04-10T09:18:21","slug":"challenge","status":"publish","type":"page","link":"https:\/\/sustainalink.se\/en\/challenge\/","title":{"rendered":"Challenge"},"content":{"rendered":"<div id=\"pl-9059\"  class=\"panel-layout\" ><div id=\"pg-9059-0\"  class=\"panel-grid panel-has-style\" ><div class=\"siteorigin-panels-stretch container-1360px banner_row panel-row-style panel-row-style-for-9059-0\" data-stretch-type=\"full-width-stretch\" ><div id=\"pgc-9059-0-0\"  class=\"panel-grid-cell\" ><div id=\"panel-9059-0-0-0\" class=\"so-panel widget widget_sow-editor panel-first-child panel-last-child\" data-index=\"0\" ><div\n\t\t\t\n\t\t\tclass=\"so-widget-sow-editor so-widget-sow-editor-base\"\n\t\t\t\n\t\t>\n<div class=\"siteorigin-widget-tinymce textwidget\">\n\t<h1 style=\"text-align: center;\"><\/h1>\n<h1 style=\"text-align: center;\">Challenge<\/h1>\n<p style=\"text-align: center;\">\n<\/div>\n<\/div><\/div><\/div><\/div><\/div><div id=\"pg-9059-1\"  class=\"panel-grid panel-no-style\" ><div id=\"pgc-9059-1-0\"  class=\"panel-grid-cell panel-grid-cell-empty\" ><\/div><div id=\"pgc-9059-1-1\"  class=\"panel-grid-cell panel-grid-cell-mobile-last\" ><div id=\"panel-9059-1-1-0\" class=\"so-panel widget widget_siteorigin-panels-builder panel-first-child panel-last-child\" data-index=\"1\" ><div id=\"pl-w69d8c05d7ee38\"  class=\"panel-layout\" ><div id=\"pg-w69d8c05d7ee38-0\"  class=\"panel-grid panel-no-style\" ><div id=\"pgc-w69d8c05d7ee38-0-0\"  class=\"panel-grid-cell\" ><div id=\"panel-w69d8c05d7ee38-0-0-0\" class=\"so-panel widget widget_sow-editor panel-first-child panel-last-child\" data-index=\"0\" ><div\n\t\t\t\n\t\t\tclass=\"so-widget-sow-editor so-widget-sow-editor-base\"\n\t\t\t\n\t\t>\n<div class=\"siteorigin-widget-tinymce textwidget\">\n\t<h2>Challenge \u2013 Our newest project form<\/h2>\n<p>In 2022 Sustainalink introduced a new collaborative initiative called \"Challenge.\" This initiative brings together university students from diverse educational backgrounds to collaborate with companies facing sustainability-related challenges. In a Challenge, student groups work to address real-world issues presented by the participating companies. Each Challenge begins with a kick-off event, followed by a period where students independently work in teams, culminating in a final presentation event where they showcase their proposed solutions.<\/p>\n<p>In short, the Challenge concept is based on joint and cross-disciplinary learning, where students and companies exchange knowledge and gain new perspectives on sustainability issues.<\/p>\n<p>Are you a student and curious about the next Challenge? Register your interest through the button below to get an invite when as soon as the application to our next Challenge is open.<\/p>\n<p style=\"text-align: center;\"><a href=\"https:\/\/airtable.com\/apppypmUHfzpJga99\/shr8DmpBDMCv5qdFw\" target=\"_blank\" rel=\"noopener\"><span class=\"btn_link\">Register your interest!<\/span><\/a><\/p>\n<p>&nbsp;<\/p>\n<h3>Previous Challenges<\/h3>\n<p class=\"\" data-start=\"44\" data-end=\"558\">So far, four Challenges have been held, each with a different theme. In the most recent round, 24 students from 15 different programs across the four universities and university colleges in Sk\u00e5ne participated. In interdisciplinary groups, they assisted Ecolean, Foodtel, Vandra of Sweden, and Fika Berga with challenges ranging from ways to reuse food at risk of becoming waste to investigating Europeans\u2019 attitudes toward plastic-packaged food. This Challenge was carried out in collaboration with Sparbanken Syd.<\/p>\n<p class=\"\" data-start=\"560\" data-end=\"951\">In the autumn of 2023, the Challenge was held in Kristianstad, also in collaboration with Sparbanken Syd. Nearly 20 students from Kristianstad University, SLU Alnarp, Malm\u00f6 University, and Lund University worked with four companies on challenges related to the UN\u2019s global sustainability goals. The participating companies were Jobbarenan, YinTorp, Atelj\u00e9 Lyktan, and Kristianstad Golf Club.<\/p>\n<p>2022 was a year full of Challenges - 28 students from 20 programs participated, who in interdisciplinary groups helped nine companies with sustainability challenges. During the spring, the students took on challenges linked to circularity and during the autumn the focus was on sustainable leadership. The events were arranged with Leader Sk\u00e5nes Ess and Leader S\u00f6dersl\u00e4tt respectively. Participating companies at the event were Tryde 1303, Nordfr\u00f6, Svensk Hampaindustri, Tv\u00e4rpilen, Stora Juleboda, Mylla Mat, Smygehus havsbad, Gr\u00f6nby byalag, Foteviken and Sparbanken Skurup.<\/p>\n<\/div>\n<\/div><\/div><\/div><\/div><div id=\"pg-w69d8c05d7ee38-1\"  class=\"panel-grid panel-no-style\" ><div id=\"pgc-w69d8c05d7ee38-1-0\"  class=\"panel-grid-cell\" ><div id=\"panel-w69d8c05d7ee38-1-0-0\" class=\"so-panel widget widget_sow-image panel-first-child panel-last-child\" data-index=\"1\" ><div class=\"panel-widget-style panel-widget-style-for-w69d8c05d7ee38-1-0-0\" ><div\n\t\t\t\n\t\t\tclass=\"so-widget-sow-image so-widget-sow-image-default-8b5b6f678277\"\n\t\t\t\n\t\t>\n<div class=\"sow-image-container\">\n\t\t\t<a href=\"https:\/\/sustainalink.se\/finansiarer\"\n\t\t\t\t\t>\n\t\t\t<img \n\tsrc=\"https:\/\/sustainalink.se\/wp-content\/uploads\/2024\/10\/IMG_20231205_174559_Bokeh-scaled.jpg\" width=\"1920\" height=\"2560\" srcset=\"https:\/\/sustainalink.se\/wp-content\/uploads\/2024\/10\/IMG_20231205_174559_Bokeh-scaled.jpg 1920w, https:\/\/sustainalink.se\/wp-content\/uploads\/2024\/10\/IMG_20231205_174559_Bokeh-225x300.jpg 225w, https:\/\/sustainalink.se\/wp-content\/uploads\/2024\/10\/IMG_20231205_174559_Bokeh-768x1024.jpg 768w, https:\/\/sustainalink.se\/wp-content\/uploads\/2024\/10\/IMG_20231205_174559_Bokeh-1152x1536.jpg 1152w, https:\/\/sustainalink.se\/wp-content\/uploads\/2024\/10\/IMG_20231205_174559_Bokeh-1536x2048.jpg 1536w, https:\/\/sustainalink.se\/wp-content\/uploads\/2024\/10\/IMG_20231205_174559_Bokeh-422x562.jpg 422w\" sizes=\"(max-width: 1920px) 100vw, 1920px\" title=\"IMG_20231205_174559_Bokeh\" alt=\"\" \t\tclass=\"so-widget-image\"\/>\n\t\t\t<\/a><\/div>\n\n<\/div><\/div><\/div><\/div><div id=\"pgc-w69d8c05d7ee38-1-1\"  class=\"panel-grid-cell\" ><div id=\"panel-w69d8c05d7ee38-1-1-0\" class=\"so-panel widget widget_sow-editor panel-first-child panel-last-child\" data-index=\"2\" ><div class=\"panel-widget-style panel-widget-style-for-w69d8c05d7ee38-1-1-0\" ><div\n\t\t\t\n\t\t\tclass=\"so-widget-sow-editor so-widget-sow-editor-base\"\n\t\t\t\n\t\t>\n<div class=\"siteorigin-widget-tinymce textwidget\">\n\t<h3>What can the projects be about?<\/h3>\n<p>Previous Challenges have addressed topics such as sustainable material choices, communicating sustainability efforts, analyzing new customer segments, sustainable tourism, and practical issues such as methods for managing grass clippings. We design each project in close collaboration with participating companies, ensuring that it aligns with their unique sustainability goals. A defining feature of a Challenge is that it harnesses the diverse perspectives of an interdisciplinary student team, generating innovative solutions.<\/p>\n<h3>Who can participate in a Challenge?<\/h3>\n<p>The same applies here as in Sustainalink\u2019s other projects: we collaborate with Scanian companies, associations, and organizations seeking fresh perspectives on their sustainability efforts. Students from all universities in Sk\u00e5ne are warmly welcomed. Our Challenges are conducted in English, though perfect pronunciation is certainly not required. Our goal is to encourage as many as possible to join and contribute!<\/p>\n<\/div>\n<\/div><\/div><\/div><\/div><\/div><div id=\"pg-w69d8c05d7ee38-2\"  class=\"panel-grid panel-has-style\" ><div class=\"panel-row-style panel-row-style-for-w69d8c05d7ee38-2\" ><div id=\"pgc-w69d8c05d7ee38-2-0\"  class=\"panel-grid-cell\" ><div id=\"panel-w69d8c05d7ee38-2-0-0\" class=\"so-panel widget widget_sow-editor panel-first-child panel-last-child\" data-index=\"3\" ><div class=\"panel-widget-style panel-widget-style-for-w69d8c05d7ee38-2-0-0\" ><div\n\t\t\t\n\t\t\tclass=\"so-widget-sow-editor so-widget-sow-editor-base\"\n\t\t\t\n\t\t>\n<div class=\"siteorigin-widget-tinymce textwidget\">\n\t<h3>Company experiences from previous Challenges<\/h3>\n<p>Companies that have participated in past Challenge events have shared that they gained valuable new insights into their own operations and were impressed by the students' ability to produce impactful results within a short timeframe.<\/p>\n<h3>Students' experiences from previous Challenges<\/h3>\n<p>The students have valued the opportunity to collaborate with peers from diverse educational backgrounds and appreciated the chance to apply their knowledge in a practical setting.<\/p>\n<\/div>\n<\/div><\/div><\/div><\/div><div id=\"pgc-w69d8c05d7ee38-2-1\"  class=\"panel-grid-cell\" ><div id=\"panel-w69d8c05d7ee38-2-1-0\" class=\"so-panel widget widget_sow-image panel-first-child panel-last-child\" data-index=\"4\" ><div class=\"panel-widget-style panel-widget-style-for-w69d8c05d7ee38-2-1-0\" ><div\n\t\t\t\n\t\t\tclass=\"so-widget-sow-image so-widget-sow-image-default-8b5b6f678277\"\n\t\t\t\n\t\t>\n<div class=\"sow-image-container\">\n\t\t\t<a href=\"https:\/\/sustainalink.se\/hallbarhet\"\n\t\t\t\t\t>\n\t\t\t<img \n\tsrc=\"https:\/\/sustainalink.se\/wp-content\/uploads\/2024\/10\/IMG_20231205_171955_Bokeh-scaled-e1729674013286.jpg\" width=\"1920\" height=\"2560\" sizes=\"(max-width: 1920px) 100vw, 1920px\" title=\"IMG_20231205_171955_Bokeh\" alt=\"\" \t\tclass=\"so-widget-image\"\/>\n\t\t\t<\/a><\/div>\n\n<\/div><\/div><\/div><\/div><\/div><\/div><\/div><\/div><\/div><div id=\"pgc-9059-1-2\"  class=\"panel-grid-cell panel-grid-cell-empty\" ><\/div><\/div><\/div>","protected":false},"excerpt":{"rendered":"<p>Challenge<\/p>\n","protected":false},"author":5,"featured_media":0,"parent":0,"menu_order":0,"comment_status":"closed","ping_status":"closed","template":"","meta":{"_acf_changed":false,"inline_featured_image":false,"jetpack_post_was_ever_published":false,"footnotes":""},"class_list":["post-9059","page","type-page","status-publish","hentry"],"acf":{"social_share_buttons":"No"},"jetpack_sharing_enabled":true,"_links":{"self":[{"href":"https:\/\/sustainalink.se\/en\/wp-json\/wp\/v2\/pages\/9059","targetHints":{"allow":["GET"]}}],"collection":[{"href":"https:\/\/sustainalink.se\/en\/wp-json\/wp\/v2\/pages"}],"about":[{"href":"https:\/\/sustainalink.se\/en\/wp-json\/wp\/v2\/types\/page"}],"author":[{"embeddable":true,"href":"https:\/\/sustainalink.se\/en\/wp-json\/wp\/v2\/users\/5"}],"replies":[{"embeddable":true,"href":"https:\/\/sustainalink.se\/en\/wp-json\/wp\/v2\/comments?post=9059"}],"version-history":[{"count":9,"href":"https:\/\/sustainalink.se\/en\/wp-json\/wp\/v2\/pages\/9059\/revisions"}],"predecessor-version":[{"id":10235,"href":"https:\/\/sustainalink.se\/en\/wp-json\/wp\/v2\/pages\/9059\/revisions\/10235"}],"wp:attachment":[{"href":"https:\/\/sustainalink.se\/en\/wp-json\/wp\/v2\/media?parent=9059"}],"curies":[{"name":"wp","href":"https:\/\/api.w.org\/{rel}","templated":true}]}}